{"id":61924,"date":"2020-06-29T02:30:36","date_gmt":"2020-06-29T02:30:36","guid":{"rendered":"https:\/\/www.rapidreliefteam.org\/vilka-vi-ar\/"},"modified":"2020-08-09T23:46:15","modified_gmt":"2020-08-09T23:46:15","slug":"vilka-vi-ar","status":"publish","type":"page","link":"https:\/\/www.rrtglobal.org\/sv\/vilka-vi-ar\/","title":{"rendered":"Vilka vi \u00e4r"},"content":{"rendered":"","protected":false},"excerpt":{"rendered":"<p> [&#8230;]<\/p>\n<p><a class=\"btn btn-secondary understrap-read-more-link\" href=\"https:\/\/www.rrtglobal.org\/sv\/vilka-vi-ar\/\">L\u00e4s mer \u2026<span class=\"screen-reader-text\"> from Vilka vi \u00e4r<\/span><\/a><\/p>\n","protected":false},"author":4,"featured_media":0,"parent":0,"menu_order":56,"comment_status":"closed","ping_status":"closed","template":"page-templates\/template-L2-about.php","meta":{"_acf_changed":false,"inline_featured_image":false,"_monsterinsights_skip_tracking":false,"_monsterinsights_sitenote_active":false,"_monsterinsights_sitenote_note":"","_monsterinsights_sitenote_category":0,"footnotes":""},"class_list":["post-61924","page","type-page","status-publish","hentry"],"acf":[],"yoast_head":"<!-- This site is optimized with the Yoast SEO plugin v27.4 - https:\/\/yoast.com\/product\/yoast-seo-wordpress\/ -->\n<title>Vilka vi \u00e4r - Rapid Relief Team<\/title>\n<meta name=\"description\" content=\"Inspirerat av samh\u00e4llsanda och g\u00e5van att ge, serverar Rapid Relief Team (RRT) m\u00e4nniskor med omsorg och medk\u00e4nsla i sin tid med behov.\" \/>\n<meta name=\"robots\" content=\"index, follow, max-snippet:-1, max-image-preview:large, max-video-preview:-1\" \/>\n<link rel=\"canonical\" href=\"https:\/\/www.rrtglobal.org\/sv\/vilka-vi-ar\/\" \/>\n<meta property=\"og:locale\" content=\"sv_SE\" \/>\n<meta property=\"og:type\" content=\"article\" \/>\n<meta property=\"og:title\" content=\"Vilka vi \u00e4r - Rapid Relief Team\" \/>\n<meta property=\"og:description\" content=\"Inspirerat av samh\u00e4llsanda och g\u00e5van att ge, serverar Rapid Relief Team (RRT) m\u00e4nniskor med omsorg och medk\u00e4nsla i sin tid med behov.\" \/>\n<meta property=\"og:url\" content=\"https:\/\/www.rrtglobal.org\/sv\/vilka-vi-ar\/\" \/>\n<meta property=\"og:site_name\" content=\"Rapid Relief Team\" \/>\n<meta property=\"article:modified_time\" content=\"2020-08-09T23:46:15+00:00\" \/>\n<meta name=\"twitter:card\" content=\"summary_large_image\" \/>\n<script type=\"application\/ld+json\" class=\"yoast-schema-graph\">{\"@context\":\"https:\\\/\\\/schema.org\",\"@graph\":[{\"@type\":\"WebPage\",\"@id\":\"https:\\\/\\\/www.rrtglobal.org\\\/sv\\\/vilka-vi-ar\\\/\",\"url\":\"https:\\\/\\\/www.rrtglobal.org\\\/sv\\\/vilka-vi-ar\\\/\",\"name\":\"Vilka vi \u00e4r - Rapid Relief Team\",\"isPartOf\":{\"@id\":\"https:\\\/\\\/rrtglobal.org\\\/#website\"},\"datePublished\":\"2020-06-29T02:30:36+00:00\",\"dateModified\":\"2020-08-09T23:46:15+00:00\",\"description\":\"Inspirerat av samh\u00e4llsanda och g\u00e5van att ge, serverar Rapid Relief Team (RRT) m\u00e4nniskor med omsorg och medk\u00e4nsla i sin tid med behov.\",\"breadcrumb\":{\"@id\":\"https:\\\/\\\/www.rrtglobal.org\\\/sv\\\/vilka-vi-ar\\\/#breadcrumb\"},\"inLanguage\":\"sv-SE\",\"potentialAction\":[{\"@type\":\"ReadAction\",\"target\":[\"https:\\\/\\\/www.rrtglobal.org\\\/sv\\\/vilka-vi-ar\\\/\"]}]},{\"@type\":\"BreadcrumbList\",\"@id\":\"https:\\\/\\\/www.rrtglobal.org\\\/sv\\\/vilka-vi-ar\\\/#breadcrumb\",\"itemListElement\":[{\"@type\":\"ListItem\",\"position\":1,\"name\":\"Hem\",\"item\":\"https:\\\/\\\/rrtglobal.org\\\/sv\\\/\"},{\"@type\":\"ListItem\",\"position\":2,\"name\":\"Vilka vi \u00e4r\"}]},{\"@type\":\"WebSite\",\"@id\":\"https:\\\/\\\/rrtglobal.org\\\/#website\",\"url\":\"https:\\\/\\\/rrtglobal.org\\\/\",\"name\":\"Rapid Relief Team\",\"description\":\"\",\"publisher\":{\"@id\":\"https:\\\/\\\/rrtglobal.org\\\/#organization\"},\"potentialAction\":[{\"@type\":\"SearchAction\",\"target\":{\"@type\":\"EntryPoint\",\"urlTemplate\":\"https:\\\/\\\/rrtglobal.org\\\/?s={search_term_string}\"},\"query-input\":{\"@type\":\"PropertyValueSpecification\",\"valueRequired\":true,\"valueName\":\"search_term_string\"}}],\"inLanguage\":\"sv-SE\"},{\"@type\":\"Organization\",\"@id\":\"https:\\\/\\\/rrtglobal.org\\\/#organization\",\"name\":\"Rapid Relief Team\",\"url\":\"https:\\\/\\\/rrtglobal.org\\\/\",\"logo\":{\"@type\":\"ImageObject\",\"inLanguage\":\"sv-SE\",\"@id\":\"https:\\\/\\\/rrtglobal.org\\\/#\\\/schema\\\/logo\\\/image\\\/\",\"url\":\"https:\\\/\\\/www.rrtglobal.org\\\/wp-content\\\/uploads\\\/2020\\\/07\\\/5134-RRT-Logo-Full-Color-1.png\",\"contentUrl\":\"https:\\\/\\\/www.rrtglobal.org\\\/wp-content\\\/uploads\\\/2020\\\/07\\\/5134-RRT-Logo-Full-Color-1.png\",\"width\":690,\"height\":256,\"caption\":\"Rapid Relief Team\"},\"image\":{\"@id\":\"https:\\\/\\\/rrtglobal.org\\\/#\\\/schema\\\/logo\\\/image\\\/\"}}]}<\/script>\n<!-- \/ Yoast SEO plugin. -->","yoast_head_json":{"title":"Vilka vi \u00e4r - Rapid Relief Team","description":"Inspirerat av samh\u00e4llsanda och g\u00e5van att ge, serverar Rapid Relief Team (RRT) m\u00e4nniskor med omsorg och medk\u00e4nsla i sin tid med behov.","robots":{"index":"index","follow":"follow","max-snippet":"max-snippet:-1","max-image-preview":"max-image-preview:large","max-video-preview":"max-video-preview:-1"},"canonical":"https:\/\/www.rrtglobal.org\/sv\/vilka-vi-ar\/","og_locale":"sv_SE","og_type":"article","og_title":"Vilka vi \u00e4r - Rapid Relief Team","og_description":"Inspirerat av samh\u00e4llsanda och g\u00e5van att ge, serverar Rapid Relief Team (RRT) m\u00e4nniskor med omsorg och medk\u00e4nsla i sin tid med behov.","og_url":"https:\/\/www.rrtglobal.org\/sv\/vilka-vi-ar\/","og_site_name":"Rapid Relief Team","article_modified_time":"2020-08-09T23:46:15+00:00","twitter_card":"summary_large_image","schema":{"@context":"https:\/\/schema.org","@graph":[{"@type":"WebPage","@id":"https:\/\/www.rrtglobal.org\/sv\/vilka-vi-ar\/","url":"https:\/\/www.rrtglobal.org\/sv\/vilka-vi-ar\/","name":"Vilka vi \u00e4r - Rapid Relief Team","isPartOf":{"@id":"https:\/\/rrtglobal.org\/#website"},"datePublished":"2020-06-29T02:30:36+00:00","dateModified":"2020-08-09T23:46:15+00:00","description":"Inspirerat av samh\u00e4llsanda och g\u00e5van att ge, serverar Rapid Relief Team (RRT) m\u00e4nniskor med omsorg och medk\u00e4nsla i sin tid med behov.","breadcrumb":{"@id":"https:\/\/www.rrtglobal.org\/sv\/vilka-vi-ar\/#breadcrumb"},"inLanguage":"sv-SE","potentialAction":[{"@type":"ReadAction","target":["https:\/\/www.rrtglobal.org\/sv\/vilka-vi-ar\/"]}]},{"@type":"BreadcrumbList","@id":"https:\/\/www.rrtglobal.org\/sv\/vilka-vi-ar\/#breadcrumb","itemListElement":[{"@type":"ListItem","position":1,"name":"Hem","item":"https:\/\/rrtglobal.org\/sv\/"},{"@type":"ListItem","position":2,"name":"Vilka vi \u00e4r"}]},{"@type":"WebSite","@id":"https:\/\/rrtglobal.org\/#website","url":"https:\/\/rrtglobal.org\/","name":"Rapid Relief Team","description":"","publisher":{"@id":"https:\/\/rrtglobal.org\/#organization"},"potentialAction":[{"@type":"SearchAction","target":{"@type":"EntryPoint","urlTemplate":"https:\/\/rrtglobal.org\/?s={search_term_string}"},"query-input":{"@type":"PropertyValueSpecification","valueRequired":true,"valueName":"search_term_string"}}],"inLanguage":"sv-SE"},{"@type":"Organization","@id":"https:\/\/rrtglobal.org\/#organization","name":"Rapid Relief Team","url":"https:\/\/rrtglobal.org\/","logo":{"@type":"ImageObject","inLanguage":"sv-SE","@id":"https:\/\/rrtglobal.org\/#\/schema\/logo\/image\/","url":"https:\/\/www.rrtglobal.org\/wp-content\/uploads\/2020\/07\/5134-RRT-Logo-Full-Color-1.png","contentUrl":"https:\/\/www.rrtglobal.org\/wp-content\/uploads\/2020\/07\/5134-RRT-Logo-Full-Color-1.png","width":690,"height":256,"caption":"Rapid Relief Team"},"image":{"@id":"https:\/\/rrtglobal.org\/#\/schema\/logo\/image\/"}}]}},"_links":{"self":[{"href":"https:\/\/www.rrtglobal.org\/sv\/wp-json\/wp\/v2\/pages\/61924","targetHints":{"allow":["GET"]}}],"collection":[{"href":"https:\/\/www.rrtglobal.org\/sv\/wp-json\/wp\/v2\/pages"}],"about":[{"href":"https:\/\/www.rrtglobal.org\/sv\/wp-json\/wp\/v2\/types\/page"}],"author":[{"embeddable":true,"href":"https:\/\/www.rrtglobal.org\/sv\/wp-json\/wp\/v2\/users\/4"}],"replies":[{"embeddable":true,"href":"https:\/\/www.rrtglobal.org\/sv\/wp-json\/wp\/v2\/comments?post=61924"}],"version-history":[{"count":2,"href":"https:\/\/www.rrtglobal.org\/sv\/wp-json\/wp\/v2\/pages\/61924\/revisions"}],"predecessor-version":[{"id":110128,"href":"https:\/\/www.rrtglobal.org\/sv\/wp-json\/wp\/v2\/pages\/61924\/revisions\/110128"}],"wp:attachment":[{"href":"https:\/\/www.rrtglobal.org\/sv\/wp-json\/wp\/v2\/media?parent=61924"}],"curies":[{"name":"wp","href":"https:\/\/api.w.org\/{rel}","templated":true}]}}