{"id":172406,"date":"2025-07-02T00:29:33","date_gmt":"2025-07-02T00:29:33","guid":{"rendered":"https:\/\/rrtglobal.org\/overensstammelse\/arkiverade-arsoversikter\/"},"modified":"2025-07-02T00:29:33","modified_gmt":"2025-07-02T00:29:33","slug":"arkiverade-arsoversikter","status":"publish","type":"page","link":"https:\/\/www.rrtglobal.org\/sv\/overensstammelse\/arkiverade-arsoversikter\/","title":{"rendered":"Arkiverade \u00e5rs\u00f6versikter"},"content":{"rendered":"","protected":false},"excerpt":{"rendered":"<p> [&#8230;]<\/p>\n<p><a class=\"btn btn-secondary understrap-read-more-link\" href=\"https:\/\/www.rrtglobal.org\/sv\/overensstammelse\/arkiverade-arsoversikter\/\">L\u00e4s mer \u2026<span class=\"screen-reader-text\"> from Arkiverade \u00e5rs\u00f6versikter<\/span><\/a><\/p>\n","protected":false},"author":4,"featured_media":0,"parent":62077,"menu_order":254,"comment_status":"closed","ping_status":"closed","template":"page-templates\/template-L9-content.php","meta":{"_acf_changed":false,"inline_featured_image":false,"_monsterinsights_skip_tracking":false,"_monsterinsights_sitenote_active":false,"_monsterinsights_sitenote_note":"","_monsterinsights_sitenote_category":0,"footnotes":""},"class_list":["post-172406","page","type-page","status-publish","hentry"],"acf":[],"yoast_head":"<!-- This site is optimized with the Yoast SEO plugin v27.4 - https:\/\/yoast.com\/product\/yoast-seo-wordpress\/ -->\n<title>Arkiverade \u00e5rs\u00f6versikter - Rapid Relief Team<\/title>\n<meta name=\"description\" content=\"RRT har \u00e5tagit sig att f\u00f6lja lagar och regler samt god bolagsstyrning. Bes\u00f6k v\u00e5r webbplats f\u00f6r att f\u00e5 veta mer.\" \/>\n<meta name=\"robots\" content=\"index, follow, max-snippet:-1, max-image-preview:large, max-video-preview:-1\" \/>\n<link rel=\"canonical\" href=\"https:\/\/www.rrtglobal.org\/sv\/overensstammelse\/arkiverade-arsoversikter\/\" \/>\n<meta property=\"og:locale\" content=\"sv_SE\" \/>\n<meta property=\"og:type\" content=\"article\" \/>\n<meta property=\"og:title\" content=\"Arkiverade \u00e5rs\u00f6versikter - Rapid Relief Team\" \/>\n<meta property=\"og:description\" content=\"RRT har \u00e5tagit sig att f\u00f6lja lagar och regler samt god bolagsstyrning. Bes\u00f6k v\u00e5r webbplats f\u00f6r att f\u00e5 veta mer.\" \/>\n<meta property=\"og:url\" content=\"https:\/\/www.rrtglobal.org\/sv\/overensstammelse\/arkiverade-arsoversikter\/\" \/>\n<meta property=\"og:site_name\" content=\"Rapid Relief Team\" \/>\n<meta name=\"twitter:card\" content=\"summary_large_image\" \/>\n<script type=\"application\/ld+json\" class=\"yoast-schema-graph\">{\"@context\":\"https:\\\/\\\/schema.org\",\"@graph\":[{\"@type\":\"WebPage\",\"@id\":\"https:\\\/\\\/www.rrtglobal.org\\\/sv\\\/overensstammelse\\\/arkiverade-arsoversikter\\\/\",\"url\":\"https:\\\/\\\/www.rrtglobal.org\\\/sv\\\/overensstammelse\\\/arkiverade-arsoversikter\\\/\",\"name\":\"Arkiverade \u00e5rs\u00f6versikter - Rapid Relief Team\",\"isPartOf\":{\"@id\":\"https:\\\/\\\/rrtglobal.org\\\/nz\\\/#website\"},\"datePublished\":\"2025-07-02T00:29:33+00:00\",\"description\":\"RRT har \u00e5tagit sig att f\u00f6lja lagar och regler samt god bolagsstyrning. Bes\u00f6k v\u00e5r webbplats f\u00f6r att f\u00e5 veta mer.\",\"breadcrumb\":{\"@id\":\"https:\\\/\\\/www.rrtglobal.org\\\/sv\\\/overensstammelse\\\/arkiverade-arsoversikter\\\/#breadcrumb\"},\"inLanguage\":\"sv-SE\",\"potentialAction\":[{\"@type\":\"ReadAction\",\"target\":[\"https:\\\/\\\/www.rrtglobal.org\\\/sv\\\/overensstammelse\\\/arkiverade-arsoversikter\\\/\"]}]},{\"@type\":\"BreadcrumbList\",\"@id\":\"https:\\\/\\\/www.rrtglobal.org\\\/sv\\\/overensstammelse\\\/arkiverade-arsoversikter\\\/#breadcrumb\",\"itemListElement\":[{\"@type\":\"ListItem\",\"position\":1,\"name\":\"Hem\",\"item\":\"https:\\\/\\\/www.rrtglobal.org\\\/sv\\\/\"},{\"@type\":\"ListItem\",\"position\":2,\"name\":\"\u00d6verensst\u00e4mmelse\",\"item\":\"https:\\\/\\\/www.rrtglobal.org\\\/sv\\\/compliance\\\/\"},{\"@type\":\"ListItem\",\"position\":3,\"name\":\"Arkiverade \u00e5rs\u00f6versikter\"}]},{\"@type\":\"WebSite\",\"@id\":\"https:\\\/\\\/rrtglobal.org\\\/nz\\\/#website\",\"url\":\"https:\\\/\\\/rrtglobal.org\\\/nz\\\/\",\"name\":\"Rapid Relief Team\",\"description\":\"\",\"publisher\":{\"@id\":\"https:\\\/\\\/rrtglobal.org\\\/nz\\\/#organization\"},\"potentialAction\":[{\"@type\":\"SearchAction\",\"target\":{\"@type\":\"EntryPoint\",\"urlTemplate\":\"https:\\\/\\\/rrtglobal.org\\\/nz\\\/?s={search_term_string}\"},\"query-input\":{\"@type\":\"PropertyValueSpecification\",\"valueRequired\":true,\"valueName\":\"search_term_string\"}}],\"inLanguage\":\"sv-SE\"},{\"@type\":\"Organization\",\"@id\":\"https:\\\/\\\/rrtglobal.org\\\/nz\\\/#organization\",\"name\":\"Rapid Relief Team\",\"url\":\"https:\\\/\\\/rrtglobal.org\\\/nz\\\/\",\"logo\":{\"@type\":\"ImageObject\",\"inLanguage\":\"sv-SE\",\"@id\":\"https:\\\/\\\/rrtglobal.org\\\/nz\\\/#\\\/schema\\\/logo\\\/image\\\/\",\"url\":\"https:\\\/\\\/www.rrtglobal.org\\\/wp-content\\\/uploads\\\/2020\\\/07\\\/5134-RRT-Logo-Full-Color-1.png\",\"contentUrl\":\"https:\\\/\\\/www.rrtglobal.org\\\/wp-content\\\/uploads\\\/2020\\\/07\\\/5134-RRT-Logo-Full-Color-1.png\",\"width\":690,\"height\":256,\"caption\":\"Rapid Relief Team\"},\"image\":{\"@id\":\"https:\\\/\\\/rrtglobal.org\\\/nz\\\/#\\\/schema\\\/logo\\\/image\\\/\"}}]}<\/script>\n<!-- \/ Yoast SEO plugin. -->","yoast_head_json":{"title":"Arkiverade \u00e5rs\u00f6versikter - Rapid Relief Team","description":"RRT har \u00e5tagit sig att f\u00f6lja lagar och regler samt god bolagsstyrning. Bes\u00f6k v\u00e5r webbplats f\u00f6r att f\u00e5 veta mer.","robots":{"index":"index","follow":"follow","max-snippet":"max-snippet:-1","max-image-preview":"max-image-preview:large","max-video-preview":"max-video-preview:-1"},"canonical":"https:\/\/www.rrtglobal.org\/sv\/overensstammelse\/arkiverade-arsoversikter\/","og_locale":"sv_SE","og_type":"article","og_title":"Arkiverade \u00e5rs\u00f6versikter - Rapid Relief Team","og_description":"RRT har \u00e5tagit sig att f\u00f6lja lagar och regler samt god bolagsstyrning. Bes\u00f6k v\u00e5r webbplats f\u00f6r att f\u00e5 veta mer.","og_url":"https:\/\/www.rrtglobal.org\/sv\/overensstammelse\/arkiverade-arsoversikter\/","og_site_name":"Rapid Relief Team","twitter_card":"summary_large_image","schema":{"@context":"https:\/\/schema.org","@graph":[{"@type":"WebPage","@id":"https:\/\/www.rrtglobal.org\/sv\/overensstammelse\/arkiverade-arsoversikter\/","url":"https:\/\/www.rrtglobal.org\/sv\/overensstammelse\/arkiverade-arsoversikter\/","name":"Arkiverade \u00e5rs\u00f6versikter - Rapid Relief Team","isPartOf":{"@id":"https:\/\/rrtglobal.org\/nz\/#website"},"datePublished":"2025-07-02T00:29:33+00:00","description":"RRT har \u00e5tagit sig att f\u00f6lja lagar och regler samt god bolagsstyrning. Bes\u00f6k v\u00e5r webbplats f\u00f6r att f\u00e5 veta mer.","breadcrumb":{"@id":"https:\/\/www.rrtglobal.org\/sv\/overensstammelse\/arkiverade-arsoversikter\/#breadcrumb"},"inLanguage":"sv-SE","potentialAction":[{"@type":"ReadAction","target":["https:\/\/www.rrtglobal.org\/sv\/overensstammelse\/arkiverade-arsoversikter\/"]}]},{"@type":"BreadcrumbList","@id":"https:\/\/www.rrtglobal.org\/sv\/overensstammelse\/arkiverade-arsoversikter\/#breadcrumb","itemListElement":[{"@type":"ListItem","position":1,"name":"Hem","item":"https:\/\/www.rrtglobal.org\/sv\/"},{"@type":"ListItem","position":2,"name":"\u00d6verensst\u00e4mmelse","item":"https:\/\/www.rrtglobal.org\/sv\/compliance\/"},{"@type":"ListItem","position":3,"name":"Arkiverade \u00e5rs\u00f6versikter"}]},{"@type":"WebSite","@id":"https:\/\/rrtglobal.org\/nz\/#website","url":"https:\/\/rrtglobal.org\/nz\/","name":"Rapid Relief Team","description":"","publisher":{"@id":"https:\/\/rrtglobal.org\/nz\/#organization"},"potentialAction":[{"@type":"SearchAction","target":{"@type":"EntryPoint","urlTemplate":"https:\/\/rrtglobal.org\/nz\/?s={search_term_string}"},"query-input":{"@type":"PropertyValueSpecification","valueRequired":true,"valueName":"search_term_string"}}],"inLanguage":"sv-SE"},{"@type":"Organization","@id":"https:\/\/rrtglobal.org\/nz\/#organization","name":"Rapid Relief Team","url":"https:\/\/rrtglobal.org\/nz\/","logo":{"@type":"ImageObject","inLanguage":"sv-SE","@id":"https:\/\/rrtglobal.org\/nz\/#\/schema\/logo\/image\/","url":"https:\/\/www.rrtglobal.org\/wp-content\/uploads\/2020\/07\/5134-RRT-Logo-Full-Color-1.png","contentUrl":"https:\/\/www.rrtglobal.org\/wp-content\/uploads\/2020\/07\/5134-RRT-Logo-Full-Color-1.png","width":690,"height":256,"caption":"Rapid Relief Team"},"image":{"@id":"https:\/\/rrtglobal.org\/nz\/#\/schema\/logo\/image\/"}}]}},"_links":{"self":[{"href":"https:\/\/www.rrtglobal.org\/sv\/wp-json\/wp\/v2\/pages\/172406","targetHints":{"allow":["GET"]}}],"collection":[{"href":"https:\/\/www.rrtglobal.org\/sv\/wp-json\/wp\/v2\/pages"}],"about":[{"href":"https:\/\/www.rrtglobal.org\/sv\/wp-json\/wp\/v2\/types\/page"}],"author":[{"embeddable":true,"href":"https:\/\/www.rrtglobal.org\/sv\/wp-json\/wp\/v2\/users\/4"}],"replies":[{"embeddable":true,"href":"https:\/\/www.rrtglobal.org\/sv\/wp-json\/wp\/v2\/comments?post=172406"}],"version-history":[{"count":0,"href":"https:\/\/www.rrtglobal.org\/sv\/wp-json\/wp\/v2\/pages\/172406\/revisions"}],"up":[{"embeddable":true,"href":"https:\/\/www.rrtglobal.org\/sv\/wp-json\/wp\/v2\/pages\/62077"}],"wp:attachment":[{"href":"https:\/\/www.rrtglobal.org\/sv\/wp-json\/wp\/v2\/media?parent=172406"}],"curies":[{"name":"wp","href":"https:\/\/api.w.org\/{rel}","templated":true}]}}