{"id":62118,"date":"2020-06-29T05:07:53","date_gmt":"2020-06-29T05:07:53","guid":{"rendered":"https:\/\/www.rapidreliefteam.org\/qui-sommes-nous\/ou-nous-servons\/"},"modified":"2020-08-27T09:16:31","modified_gmt":"2020-08-27T09:16:31","slug":"ou-nous-servons","status":"publish","type":"page","link":"https:\/\/www.rrtglobal.org\/fr\/qui-sommes-nous\/ou-nous-servons\/","title":{"rendered":"O\u00f9 nous intervenons ?"},"content":{"rendered":"","protected":false},"excerpt":{"rendered":"<p> [&#8230;]<\/p>\n<p><a class=\"btn btn-secondary understrap-read-more-link\" href=\"https:\/\/www.rrtglobal.org\/fr\/qui-sommes-nous\/ou-nous-servons\/\">Lire la suite\u2026<span class=\"screen-reader-text\"> from O\u00f9 nous intervenons ?<\/span><\/a><\/p>\n","protected":false},"author":4,"featured_media":0,"parent":61927,"menu_order":359,"comment_status":"closed","ping_status":"closed","template":"page-templates\/template-L2-about.php","meta":{"_acf_changed":false,"inline_featured_image":false,"_monsterinsights_skip_tracking":false,"_monsterinsights_sitenote_active":false,"_monsterinsights_sitenote_note":"","_monsterinsights_sitenote_category":0,"footnotes":""},"class_list":["post-62118","page","type-page","status-publish","hentry"],"acf":[],"yoast_head":"<!-- This site is optimized with the Yoast SEO plugin v27.4 - https:\/\/yoast.com\/product\/yoast-seo-wordpress\/ -->\n<title>O\u00f9 nous intervenons ? - Rapid Relief Team<\/title>\n<meta name=\"description\" content=\"L&#039;\u00e9quipe de secours rapide sert des gens du monde entier avec des \u00e9quipes en Australie, au Royaume-Uni, en Am\u00e9rique du Nord et du Sud, dans les Cara\u00efbes, au Canada, en Nouvelle-Z\u00e9lande et \u00e0 travers l&#039;Europe.\" \/>\n<meta name=\"robots\" content=\"index, follow, max-snippet:-1, max-image-preview:large, max-video-preview:-1\" \/>\n<link rel=\"canonical\" href=\"https:\/\/www.rrtglobal.org\/fr\/qui-sommes-nous\/ou-nous-servons\/\" \/>\n<meta property=\"og:locale\" content=\"fr_FR\" \/>\n<meta property=\"og:type\" content=\"article\" \/>\n<meta property=\"og:title\" content=\"O\u00f9 nous intervenons ? - Rapid Relief Team\" \/>\n<meta property=\"og:description\" content=\"L&#039;\u00e9quipe de secours rapide sert des gens du monde entier avec des \u00e9quipes en Australie, au Royaume-Uni, en Am\u00e9rique du Nord et du Sud, dans les Cara\u00efbes, au Canada, en Nouvelle-Z\u00e9lande et \u00e0 travers l&#039;Europe.\" \/>\n<meta property=\"og:url\" content=\"https:\/\/www.rrtglobal.org\/fr\/qui-sommes-nous\/ou-nous-servons\/\" \/>\n<meta property=\"og:site_name\" content=\"Rapid Relief Team\" \/>\n<meta property=\"article:modified_time\" content=\"2020-08-27T09:16:31+00:00\" \/>\n<meta name=\"twitter:card\" content=\"summary_large_image\" \/>\n<script type=\"application\/ld+json\" class=\"yoast-schema-graph\">{\"@context\":\"https:\\\/\\\/schema.org\",\"@graph\":[{\"@type\":\"WebPage\",\"@id\":\"https:\\\/\\\/www.rrtglobal.org\\\/fr\\\/qui-sommes-nous\\\/ou-nous-servons\\\/\",\"url\":\"https:\\\/\\\/www.rrtglobal.org\\\/fr\\\/qui-sommes-nous\\\/ou-nous-servons\\\/\",\"name\":\"O\u00f9 nous intervenons ? - Rapid Relief Team\",\"isPartOf\":{\"@id\":\"https:\\\/\\\/rrtglobal.org\\\/#website\"},\"datePublished\":\"2020-06-29T05:07:53+00:00\",\"dateModified\":\"2020-08-27T09:16:31+00:00\",\"description\":\"L'\u00e9quipe de secours rapide sert des gens du monde entier avec des \u00e9quipes en Australie, au Royaume-Uni, en Am\u00e9rique du Nord et du Sud, dans les Cara\u00efbes, au Canada, en Nouvelle-Z\u00e9lande et \u00e0 travers l'Europe.\",\"breadcrumb\":{\"@id\":\"https:\\\/\\\/www.rrtglobal.org\\\/fr\\\/qui-sommes-nous\\\/ou-nous-servons\\\/#breadcrumb\"},\"inLanguage\":\"fr-FR\",\"potentialAction\":[{\"@type\":\"ReadAction\",\"target\":[\"https:\\\/\\\/www.rrtglobal.org\\\/fr\\\/qui-sommes-nous\\\/ou-nous-servons\\\/\"]}]},{\"@type\":\"BreadcrumbList\",\"@id\":\"https:\\\/\\\/www.rrtglobal.org\\\/fr\\\/qui-sommes-nous\\\/ou-nous-servons\\\/#breadcrumb\",\"itemListElement\":[{\"@type\":\"ListItem\",\"position\":1,\"name\":\"Accueil\",\"item\":\"https:\\\/\\\/www.rrtglobal.org\\\/fr\\\/\"},{\"@type\":\"ListItem\",\"position\":2,\"name\":\"Qui sommes-nous ?\",\"item\":\"https:\\\/\\\/rrtglobal.org\\\/fr\\\/qui-sommes-nous\\\/\"},{\"@type\":\"ListItem\",\"position\":3,\"name\":\"O\u00f9 nous intervenons ?\"}]},{\"@type\":\"WebSite\",\"@id\":\"https:\\\/\\\/rrtglobal.org\\\/#website\",\"url\":\"https:\\\/\\\/rrtglobal.org\\\/\",\"name\":\"Rapid Relief Team\",\"description\":\"\",\"publisher\":{\"@id\":\"https:\\\/\\\/rrtglobal.org\\\/#organization\"},\"potentialAction\":[{\"@type\":\"SearchAction\",\"target\":{\"@type\":\"EntryPoint\",\"urlTemplate\":\"https:\\\/\\\/rrtglobal.org\\\/?s={search_term_string}\"},\"query-input\":{\"@type\":\"PropertyValueSpecification\",\"valueRequired\":true,\"valueName\":\"search_term_string\"}}],\"inLanguage\":\"fr-FR\"},{\"@type\":\"Organization\",\"@id\":\"https:\\\/\\\/rrtglobal.org\\\/#organization\",\"name\":\"Rapid Relief Team\",\"url\":\"https:\\\/\\\/rrtglobal.org\\\/\",\"logo\":{\"@type\":\"ImageObject\",\"inLanguage\":\"fr-FR\",\"@id\":\"https:\\\/\\\/rrtglobal.org\\\/#\\\/schema\\\/logo\\\/image\\\/\",\"url\":\"https:\\\/\\\/www.rrtglobal.org\\\/wp-content\\\/uploads\\\/2020\\\/07\\\/5134-RRT-Logo-Full-Color-1.png\",\"contentUrl\":\"https:\\\/\\\/www.rrtglobal.org\\\/wp-content\\\/uploads\\\/2020\\\/07\\\/5134-RRT-Logo-Full-Color-1.png\",\"width\":690,\"height\":256,\"caption\":\"Rapid Relief Team\"},\"image\":{\"@id\":\"https:\\\/\\\/rrtglobal.org\\\/#\\\/schema\\\/logo\\\/image\\\/\"}}]}<\/script>\n<!-- \/ Yoast SEO plugin. -->","yoast_head_json":{"title":"O\u00f9 nous intervenons ? - Rapid Relief Team","description":"L'\u00e9quipe de secours rapide sert des gens du monde entier avec des \u00e9quipes en Australie, au Royaume-Uni, en Am\u00e9rique du Nord et du Sud, dans les Cara\u00efbes, au Canada, en Nouvelle-Z\u00e9lande et \u00e0 travers l'Europe.","robots":{"index":"index","follow":"follow","max-snippet":"max-snippet:-1","max-image-preview":"max-image-preview:large","max-video-preview":"max-video-preview:-1"},"canonical":"https:\/\/www.rrtglobal.org\/fr\/qui-sommes-nous\/ou-nous-servons\/","og_locale":"fr_FR","og_type":"article","og_title":"O\u00f9 nous intervenons ? - Rapid Relief Team","og_description":"L'\u00e9quipe de secours rapide sert des gens du monde entier avec des \u00e9quipes en Australie, au Royaume-Uni, en Am\u00e9rique du Nord et du Sud, dans les Cara\u00efbes, au Canada, en Nouvelle-Z\u00e9lande et \u00e0 travers l'Europe.","og_url":"https:\/\/www.rrtglobal.org\/fr\/qui-sommes-nous\/ou-nous-servons\/","og_site_name":"Rapid Relief Team","article_modified_time":"2020-08-27T09:16:31+00:00","twitter_card":"summary_large_image","schema":{"@context":"https:\/\/schema.org","@graph":[{"@type":"WebPage","@id":"https:\/\/www.rrtglobal.org\/fr\/qui-sommes-nous\/ou-nous-servons\/","url":"https:\/\/www.rrtglobal.org\/fr\/qui-sommes-nous\/ou-nous-servons\/","name":"O\u00f9 nous intervenons ? - Rapid Relief Team","isPartOf":{"@id":"https:\/\/rrtglobal.org\/#website"},"datePublished":"2020-06-29T05:07:53+00:00","dateModified":"2020-08-27T09:16:31+00:00","description":"L'\u00e9quipe de secours rapide sert des gens du monde entier avec des \u00e9quipes en Australie, au Royaume-Uni, en Am\u00e9rique du Nord et du Sud, dans les Cara\u00efbes, au Canada, en Nouvelle-Z\u00e9lande et \u00e0 travers l'Europe.","breadcrumb":{"@id":"https:\/\/www.rrtglobal.org\/fr\/qui-sommes-nous\/ou-nous-servons\/#breadcrumb"},"inLanguage":"fr-FR","potentialAction":[{"@type":"ReadAction","target":["https:\/\/www.rrtglobal.org\/fr\/qui-sommes-nous\/ou-nous-servons\/"]}]},{"@type":"BreadcrumbList","@id":"https:\/\/www.rrtglobal.org\/fr\/qui-sommes-nous\/ou-nous-servons\/#breadcrumb","itemListElement":[{"@type":"ListItem","position":1,"name":"Accueil","item":"https:\/\/www.rrtglobal.org\/fr\/"},{"@type":"ListItem","position":2,"name":"Qui sommes-nous ?","item":"https:\/\/rrtglobal.org\/fr\/qui-sommes-nous\/"},{"@type":"ListItem","position":3,"name":"O\u00f9 nous intervenons ?"}]},{"@type":"WebSite","@id":"https:\/\/rrtglobal.org\/#website","url":"https:\/\/rrtglobal.org\/","name":"Rapid Relief Team","description":"","publisher":{"@id":"https:\/\/rrtglobal.org\/#organization"},"potentialAction":[{"@type":"SearchAction","target":{"@type":"EntryPoint","urlTemplate":"https:\/\/rrtglobal.org\/?s={search_term_string}"},"query-input":{"@type":"PropertyValueSpecification","valueRequired":true,"valueName":"search_term_string"}}],"inLanguage":"fr-FR"},{"@type":"Organization","@id":"https:\/\/rrtglobal.org\/#organization","name":"Rapid Relief Team","url":"https:\/\/rrtglobal.org\/","logo":{"@type":"ImageObject","inLanguage":"fr-FR","@id":"https:\/\/rrtglobal.org\/#\/schema\/logo\/image\/","url":"https:\/\/www.rrtglobal.org\/wp-content\/uploads\/2020\/07\/5134-RRT-Logo-Full-Color-1.png","contentUrl":"https:\/\/www.rrtglobal.org\/wp-content\/uploads\/2020\/07\/5134-RRT-Logo-Full-Color-1.png","width":690,"height":256,"caption":"Rapid Relief Team"},"image":{"@id":"https:\/\/rrtglobal.org\/#\/schema\/logo\/image\/"}}]}},"_links":{"self":[{"href":"https:\/\/www.rrtglobal.org\/fr\/wp-json\/wp\/v2\/pages\/62118","targetHints":{"allow":["GET"]}}],"collection":[{"href":"https:\/\/www.rrtglobal.org\/fr\/wp-json\/wp\/v2\/pages"}],"about":[{"href":"https:\/\/www.rrtglobal.org\/fr\/wp-json\/wp\/v2\/types\/page"}],"author":[{"embeddable":true,"href":"https:\/\/www.rrtglobal.org\/fr\/wp-json\/wp\/v2\/users\/4"}],"replies":[{"embeddable":true,"href":"https:\/\/www.rrtglobal.org\/fr\/wp-json\/wp\/v2\/comments?post=62118"}],"version-history":[{"count":4,"href":"https:\/\/www.rrtglobal.org\/fr\/wp-json\/wp\/v2\/pages\/62118\/revisions"}],"predecessor-version":[{"id":111749,"href":"https:\/\/www.rrtglobal.org\/fr\/wp-json\/wp\/v2\/pages\/62118\/revisions\/111749"}],"up":[{"embeddable":true,"href":"https:\/\/www.rrtglobal.org\/fr\/wp-json\/wp\/v2\/pages\/61927"}],"wp:attachment":[{"href":"https:\/\/www.rrtglobal.org\/fr\/wp-json\/wp\/v2\/media?parent=62118"}],"curies":[{"name":"wp","href":"https:\/\/api.w.org\/{rel}","templated":true}]}}