{"id":62064,"date":"2020-06-29T05:06:13","date_gmt":"2020-06-29T05:06:13","guid":{"rendered":"https:\/\/www.rapidreliefteam.org\/qui-nous-soutenons\/"},"modified":"2020-08-27T13:40:15","modified_gmt":"2020-08-27T13:40:15","slug":"qui-nous-soutenons","status":"publish","type":"page","link":"https:\/\/www.rrtglobal.org\/fr\/qui-nous-soutenons\/","title":{"rendered":"Qui nous aidons ?"},"content":{"rendered":"","protected":false},"excerpt":{"rendered":"<p> [&#8230;]<\/p>\n<p><a class=\"btn btn-secondary understrap-read-more-link\" href=\"https:\/\/www.rrtglobal.org\/fr\/qui-nous-soutenons\/\">Lire la suite\u2026<span class=\"screen-reader-text\"> from Qui nous aidons ?<\/span><\/a><\/p>\n","protected":false},"author":4,"featured_media":0,"parent":0,"menu_order":171,"comment_status":"closed","ping_status":"closed","template":"page-templates\/template-L5-operations-appeals.php","meta":{"_acf_changed":false,"inline_featured_image":false,"_monsterinsights_skip_tracking":false,"_monsterinsights_sitenote_active":false,"_monsterinsights_sitenote_note":"","_monsterinsights_sitenote_category":0,"footnotes":""},"class_list":["post-62064","page","type-page","status-publish","hentry"],"acf":[],"yoast_head":"<!-- This site is optimized with the Yoast SEO plugin v27.4 - https:\/\/yoast.com\/product\/yoast-seo-wordpress\/ -->\n<title>Qui nous aidons ? - Rapid Relief Team<\/title>\n<meta name=\"description\" content=\"RRT adapte ses services de support pour r\u00e9pondre aux besoins du moment. Qu&#039;il s&#039;agisse d&#039;un incendie, d&#039;une s\u00e9cheresse ou d&#039;une pand\u00e9mie mondiale, les volontaires RRT apportent de l&#039;espoir aux personnes dans le besoin.\" \/>\n<meta name=\"robots\" content=\"index, follow, max-snippet:-1, max-image-preview:large, max-video-preview:-1\" \/>\n<link rel=\"canonical\" href=\"https:\/\/www.rrtglobal.org\/fr\/qui-nous-soutenons\/\" \/>\n<meta property=\"og:locale\" content=\"fr_FR\" \/>\n<meta property=\"og:type\" content=\"article\" \/>\n<meta property=\"og:title\" content=\"Qui nous aidons ? - Rapid Relief Team\" \/>\n<meta property=\"og:description\" content=\"RRT adapte ses services de support pour r\u00e9pondre aux besoins du moment. Qu&#039;il s&#039;agisse d&#039;un incendie, d&#039;une s\u00e9cheresse ou d&#039;une pand\u00e9mie mondiale, les volontaires RRT apportent de l&#039;espoir aux personnes dans le besoin.\" \/>\n<meta property=\"og:url\" content=\"https:\/\/www.rrtglobal.org\/fr\/qui-nous-soutenons\/\" \/>\n<meta property=\"og:site_name\" content=\"Rapid Relief Team\" \/>\n<meta property=\"article:modified_time\" content=\"2020-08-27T13:40:15+00:00\" \/>\n<meta name=\"twitter:card\" content=\"summary_large_image\" \/>\n<script type=\"application\/ld+json\" class=\"yoast-schema-graph\">{\"@context\":\"https:\\\/\\\/schema.org\",\"@graph\":[{\"@type\":\"WebPage\",\"@id\":\"https:\\\/\\\/www.rrtglobal.org\\\/fr\\\/qui-nous-soutenons\\\/\",\"url\":\"https:\\\/\\\/www.rrtglobal.org\\\/fr\\\/qui-nous-soutenons\\\/\",\"name\":\"Qui nous aidons ? - Rapid Relief Team\",\"isPartOf\":{\"@id\":\"https:\\\/\\\/www.rrtglobal.org\\\/fr\\\/#website\"},\"datePublished\":\"2020-06-29T05:06:13+00:00\",\"dateModified\":\"2020-08-27T13:40:15+00:00\",\"description\":\"RRT adapte ses services de support pour r\u00e9pondre aux besoins du moment. Qu'il s'agisse d'un incendie, d'une s\u00e9cheresse ou d'une pand\u00e9mie mondiale, les volontaires RRT apportent de l'espoir aux personnes dans le besoin.\",\"breadcrumb\":{\"@id\":\"https:\\\/\\\/www.rrtglobal.org\\\/fr\\\/qui-nous-soutenons\\\/#breadcrumb\"},\"inLanguage\":\"fr-FR\",\"potentialAction\":[{\"@type\":\"ReadAction\",\"target\":[\"https:\\\/\\\/www.rrtglobal.org\\\/fr\\\/qui-nous-soutenons\\\/\"]}]},{\"@type\":\"BreadcrumbList\",\"@id\":\"https:\\\/\\\/www.rrtglobal.org\\\/fr\\\/qui-nous-soutenons\\\/#breadcrumb\",\"itemListElement\":[{\"@type\":\"ListItem\",\"position\":1,\"name\":\"Accueil\",\"item\":\"https:\\\/\\\/rrtglobal.org\\\/fr\\\/\"},{\"@type\":\"ListItem\",\"position\":2,\"name\":\"Qui nous aidons ?\"}]},{\"@type\":\"WebSite\",\"@id\":\"https:\\\/\\\/www.rrtglobal.org\\\/fr\\\/#website\",\"url\":\"https:\\\/\\\/www.rrtglobal.org\\\/fr\\\/\",\"name\":\"Rapid Relief Team\",\"description\":\"\",\"publisher\":{\"@id\":\"https:\\\/\\\/www.rrtglobal.org\\\/fr\\\/#organization\"},\"potentialAction\":[{\"@type\":\"SearchAction\",\"target\":{\"@type\":\"EntryPoint\",\"urlTemplate\":\"https:\\\/\\\/www.rrtglobal.org\\\/fr\\\/?s={search_term_string}\"},\"query-input\":{\"@type\":\"PropertyValueSpecification\",\"valueRequired\":true,\"valueName\":\"search_term_string\"}}],\"inLanguage\":\"fr-FR\"},{\"@type\":\"Organization\",\"@id\":\"https:\\\/\\\/www.rrtglobal.org\\\/fr\\\/#organization\",\"name\":\"Rapid Relief Team\",\"url\":\"https:\\\/\\\/www.rrtglobal.org\\\/fr\\\/\",\"logo\":{\"@type\":\"ImageObject\",\"inLanguage\":\"fr-FR\",\"@id\":\"https:\\\/\\\/www.rrtglobal.org\\\/fr\\\/#\\\/schema\\\/logo\\\/image\\\/\",\"url\":\"https:\\\/\\\/www.rrtglobal.org\\\/wp-content\\\/uploads\\\/2020\\\/07\\\/5134-RRT-Logo-Full-Color-1.png\",\"contentUrl\":\"https:\\\/\\\/www.rrtglobal.org\\\/wp-content\\\/uploads\\\/2020\\\/07\\\/5134-RRT-Logo-Full-Color-1.png\",\"width\":690,\"height\":256,\"caption\":\"Rapid Relief Team\"},\"image\":{\"@id\":\"https:\\\/\\\/www.rrtglobal.org\\\/fr\\\/#\\\/schema\\\/logo\\\/image\\\/\"}}]}<\/script>\n<!-- \/ Yoast SEO plugin. -->","yoast_head_json":{"title":"Qui nous aidons ? - Rapid Relief Team","description":"RRT adapte ses services de support pour r\u00e9pondre aux besoins du moment. Qu'il s'agisse d'un incendie, d'une s\u00e9cheresse ou d'une pand\u00e9mie mondiale, les volontaires RRT apportent de l'espoir aux personnes dans le besoin.","robots":{"index":"index","follow":"follow","max-snippet":"max-snippet:-1","max-image-preview":"max-image-preview:large","max-video-preview":"max-video-preview:-1"},"canonical":"https:\/\/www.rrtglobal.org\/fr\/qui-nous-soutenons\/","og_locale":"fr_FR","og_type":"article","og_title":"Qui nous aidons ? - Rapid Relief Team","og_description":"RRT adapte ses services de support pour r\u00e9pondre aux besoins du moment. Qu'il s'agisse d'un incendie, d'une s\u00e9cheresse ou d'une pand\u00e9mie mondiale, les volontaires RRT apportent de l'espoir aux personnes dans le besoin.","og_url":"https:\/\/www.rrtglobal.org\/fr\/qui-nous-soutenons\/","og_site_name":"Rapid Relief Team","article_modified_time":"2020-08-27T13:40:15+00:00","twitter_card":"summary_large_image","schema":{"@context":"https:\/\/schema.org","@graph":[{"@type":"WebPage","@id":"https:\/\/www.rrtglobal.org\/fr\/qui-nous-soutenons\/","url":"https:\/\/www.rrtglobal.org\/fr\/qui-nous-soutenons\/","name":"Qui nous aidons ? - Rapid Relief Team","isPartOf":{"@id":"https:\/\/www.rrtglobal.org\/fr\/#website"},"datePublished":"2020-06-29T05:06:13+00:00","dateModified":"2020-08-27T13:40:15+00:00","description":"RRT adapte ses services de support pour r\u00e9pondre aux besoins du moment. Qu'il s'agisse d'un incendie, d'une s\u00e9cheresse ou d'une pand\u00e9mie mondiale, les volontaires RRT apportent de l'espoir aux personnes dans le besoin.","breadcrumb":{"@id":"https:\/\/www.rrtglobal.org\/fr\/qui-nous-soutenons\/#breadcrumb"},"inLanguage":"fr-FR","potentialAction":[{"@type":"ReadAction","target":["https:\/\/www.rrtglobal.org\/fr\/qui-nous-soutenons\/"]}]},{"@type":"BreadcrumbList","@id":"https:\/\/www.rrtglobal.org\/fr\/qui-nous-soutenons\/#breadcrumb","itemListElement":[{"@type":"ListItem","position":1,"name":"Accueil","item":"https:\/\/rrtglobal.org\/fr\/"},{"@type":"ListItem","position":2,"name":"Qui nous aidons ?"}]},{"@type":"WebSite","@id":"https:\/\/www.rrtglobal.org\/fr\/#website","url":"https:\/\/www.rrtglobal.org\/fr\/","name":"Rapid Relief Team","description":"","publisher":{"@id":"https:\/\/www.rrtglobal.org\/fr\/#organization"},"potentialAction":[{"@type":"SearchAction","target":{"@type":"EntryPoint","urlTemplate":"https:\/\/www.rrtglobal.org\/fr\/?s={search_term_string}"},"query-input":{"@type":"PropertyValueSpecification","valueRequired":true,"valueName":"search_term_string"}}],"inLanguage":"fr-FR"},{"@type":"Organization","@id":"https:\/\/www.rrtglobal.org\/fr\/#organization","name":"Rapid Relief Team","url":"https:\/\/www.rrtglobal.org\/fr\/","logo":{"@type":"ImageObject","inLanguage":"fr-FR","@id":"https:\/\/www.rrtglobal.org\/fr\/#\/schema\/logo\/image\/","url":"https:\/\/www.rrtglobal.org\/wp-content\/uploads\/2020\/07\/5134-RRT-Logo-Full-Color-1.png","contentUrl":"https:\/\/www.rrtglobal.org\/wp-content\/uploads\/2020\/07\/5134-RRT-Logo-Full-Color-1.png","width":690,"height":256,"caption":"Rapid Relief Team"},"image":{"@id":"https:\/\/www.rrtglobal.org\/fr\/#\/schema\/logo\/image\/"}}]}},"_links":{"self":[{"href":"https:\/\/www.rrtglobal.org\/fr\/wp-json\/wp\/v2\/pages\/62064","targetHints":{"allow":["GET"]}}],"collection":[{"href":"https:\/\/www.rrtglobal.org\/fr\/wp-json\/wp\/v2\/pages"}],"about":[{"href":"https:\/\/www.rrtglobal.org\/fr\/wp-json\/wp\/v2\/types\/page"}],"author":[{"embeddable":true,"href":"https:\/\/www.rrtglobal.org\/fr\/wp-json\/wp\/v2\/users\/4"}],"replies":[{"embeddable":true,"href":"https:\/\/www.rrtglobal.org\/fr\/wp-json\/wp\/v2\/comments?post=62064"}],"version-history":[{"count":4,"href":"https:\/\/www.rrtglobal.org\/fr\/wp-json\/wp\/v2\/pages\/62064\/revisions"}],"predecessor-version":[{"id":111758,"href":"https:\/\/www.rrtglobal.org\/fr\/wp-json\/wp\/v2\/pages\/62064\/revisions\/111758"}],"wp:attachment":[{"href":"https:\/\/www.rrtglobal.org\/fr\/wp-json\/wp\/v2\/media?parent=62064"}],"curies":[{"name":"wp","href":"https:\/\/api.w.org\/{rel}","templated":true}]}}