{"id":61929,"date":"2020-06-29T02:30:52","date_gmt":"2020-06-29T02:30:52","guid":{"rendered":"https:\/\/www.rapidreliefteam.org\/qui-sommes-nous\/nos-beneficiaires\/"},"modified":"2020-10-13T18:07:18","modified_gmt":"2020-10-13T18:07:18","slug":"nos-beneficiaires","status":"publish","type":"page","link":"https:\/\/www.rrtglobal.org\/fr\/qui-sommes-nous\/nos-beneficiaires\/","title":{"rendered":"Nos b\u00e9n\u00e9ficiaires"},"content":{"rendered":"","protected":false},"excerpt":{"rendered":"<p> [&#8230;]<\/p>\n<p><a class=\"btn btn-secondary understrap-read-more-link\" href=\"https:\/\/www.rrtglobal.org\/fr\/qui-sommes-nous\/nos-beneficiaires\/\">Lire la suite\u2026<span class=\"screen-reader-text\"> from Nos b\u00e9n\u00e9ficiaires<\/span><\/a><\/p>\n","protected":false},"author":4,"featured_media":782,"parent":61927,"menu_order":106,"comment_status":"closed","ping_status":"closed","template":"page-templates\/template-L9-content.php","meta":{"_acf_changed":false,"inline_featured_image":false,"_monsterinsights_skip_tracking":false,"_monsterinsights_sitenote_active":false,"_monsterinsights_sitenote_note":"","_monsterinsights_sitenote_category":0,"footnotes":""},"class_list":["post-61929","page","type-page","status-publish","has-post-thumbnail","hentry"],"acf":[],"yoast_head":"<!-- This site is optimized with the Yoast SEO plugin v27.4 - https:\/\/yoast.com\/product\/yoast-seo-wordpress\/ -->\n<title>Nos b\u00e9n\u00e9ficiaires - Rapid Relief Team<\/title>\n<meta name=\"description\" content=\"Le soutien de RRT couvre quatre domaines cl\u00e9s de soutien; secours d&#039;urgence et en cas de catastrophe, sans-abri, jeunesse, sant\u00e9 et handicap.\" \/>\n<meta name=\"robots\" content=\"index, follow, max-snippet:-1, max-image-preview:large, max-video-preview:-1\" \/>\n<link rel=\"canonical\" href=\"https:\/\/www.rrtglobal.org\/fr\/qui-sommes-nous\/nos-beneficiaires\/\" \/>\n<meta property=\"og:locale\" content=\"fr_FR\" \/>\n<meta property=\"og:type\" content=\"article\" \/>\n<meta property=\"og:title\" content=\"Nos b\u00e9n\u00e9ficiaires - Rapid Relief Team\" \/>\n<meta property=\"og:description\" content=\"Le soutien de RRT couvre quatre domaines cl\u00e9s de soutien; secours d&#039;urgence et en cas de catastrophe, sans-abri, jeunesse, sant\u00e9 et handicap.\" \/>\n<meta property=\"og:url\" content=\"https:\/\/www.rrtglobal.org\/fr\/qui-sommes-nous\/nos-beneficiaires\/\" \/>\n<meta property=\"og:site_name\" content=\"Rapid Relief Team\" \/>\n<meta property=\"article:modified_time\" content=\"2020-10-13T18:07:18+00:00\" \/>\n<meta property=\"og:image\" content=\"https:\/\/rrtglobal.org\/wp-content\/uploads\/2020\/04\/news-article.jpg\" \/>\n\t<meta property=\"og:image:width\" content=\"2048\" \/>\n\t<meta property=\"og:image:height\" content=\"1536\" \/>\n\t<meta property=\"og:image:type\" content=\"image\/jpeg\" \/>\n<meta name=\"twitter:card\" content=\"summary_large_image\" \/>\n<script type=\"application\/ld+json\" class=\"yoast-schema-graph\">{\"@context\":\"https:\\\/\\\/schema.org\",\"@graph\":[{\"@type\":\"WebPage\",\"@id\":\"https:\\\/\\\/www.rrtglobal.org\\\/fr\\\/qui-sommes-nous\\\/nos-beneficiaires\\\/\",\"url\":\"https:\\\/\\\/www.rrtglobal.org\\\/fr\\\/qui-sommes-nous\\\/nos-beneficiaires\\\/\",\"name\":\"Nos b\u00e9n\u00e9ficiaires - Rapid Relief Team\",\"isPartOf\":{\"@id\":\"https:\\\/\\\/rrtglobal.org\\\/#website\"},\"primaryImageOfPage\":{\"@id\":\"https:\\\/\\\/www.rrtglobal.org\\\/fr\\\/qui-sommes-nous\\\/nos-beneficiaires\\\/#primaryimage\"},\"image\":{\"@id\":\"https:\\\/\\\/www.rrtglobal.org\\\/fr\\\/qui-sommes-nous\\\/nos-beneficiaires\\\/#primaryimage\"},\"thumbnailUrl\":\"https:\\\/\\\/www.rrtglobal.org\\\/wp-content\\\/uploads\\\/2020\\\/04\\\/news-article.jpg\",\"datePublished\":\"2020-06-29T02:30:52+00:00\",\"dateModified\":\"2020-10-13T18:07:18+00:00\",\"description\":\"Le soutien de RRT couvre quatre domaines cl\u00e9s de soutien; secours d'urgence et en cas de catastrophe, sans-abri, jeunesse, sant\u00e9 et handicap.\",\"breadcrumb\":{\"@id\":\"https:\\\/\\\/www.rrtglobal.org\\\/fr\\\/qui-sommes-nous\\\/nos-beneficiaires\\\/#breadcrumb\"},\"inLanguage\":\"fr-FR\",\"potentialAction\":[{\"@type\":\"ReadAction\",\"target\":[\"https:\\\/\\\/www.rrtglobal.org\\\/fr\\\/qui-sommes-nous\\\/nos-beneficiaires\\\/\"]}]},{\"@type\":\"ImageObject\",\"inLanguage\":\"fr-FR\",\"@id\":\"https:\\\/\\\/www.rrtglobal.org\\\/fr\\\/qui-sommes-nous\\\/nos-beneficiaires\\\/#primaryimage\",\"url\":\"https:\\\/\\\/www.rrtglobal.org\\\/wp-content\\\/uploads\\\/2020\\\/04\\\/news-article.jpg\",\"contentUrl\":\"https:\\\/\\\/www.rrtglobal.org\\\/wp-content\\\/uploads\\\/2020\\\/04\\\/news-article.jpg\",\"width\":2048,\"height\":1536,\"caption\":\"Une l\u00e9gende pour cette image\"},{\"@type\":\"BreadcrumbList\",\"@id\":\"https:\\\/\\\/www.rrtglobal.org\\\/fr\\\/qui-sommes-nous\\\/nos-beneficiaires\\\/#breadcrumb\",\"itemListElement\":[{\"@type\":\"ListItem\",\"position\":1,\"name\":\"Accueil\",\"item\":\"https:\\\/\\\/www.rrtglobal.org\\\/fr\\\/\"},{\"@type\":\"ListItem\",\"position\":2,\"name\":\"Qui sommes-nous ?\",\"item\":\"https:\\\/\\\/rrtglobal.org\\\/fr\\\/qui-sommes-nous\\\/\"},{\"@type\":\"ListItem\",\"position\":3,\"name\":\"Nos b\u00e9n\u00e9ficiaires\"}]},{\"@type\":\"WebSite\",\"@id\":\"https:\\\/\\\/rrtglobal.org\\\/#website\",\"url\":\"https:\\\/\\\/rrtglobal.org\\\/\",\"name\":\"Rapid Relief Team\",\"description\":\"\",\"publisher\":{\"@id\":\"https:\\\/\\\/rrtglobal.org\\\/#organization\"},\"potentialAction\":[{\"@type\":\"SearchAction\",\"target\":{\"@type\":\"EntryPoint\",\"urlTemplate\":\"https:\\\/\\\/rrtglobal.org\\\/?s={search_term_string}\"},\"query-input\":{\"@type\":\"PropertyValueSpecification\",\"valueRequired\":true,\"valueName\":\"search_term_string\"}}],\"inLanguage\":\"fr-FR\"},{\"@type\":\"Organization\",\"@id\":\"https:\\\/\\\/rrtglobal.org\\\/#organization\",\"name\":\"Rapid Relief Team\",\"url\":\"https:\\\/\\\/rrtglobal.org\\\/\",\"logo\":{\"@type\":\"ImageObject\",\"inLanguage\":\"fr-FR\",\"@id\":\"https:\\\/\\\/rrtglobal.org\\\/#\\\/schema\\\/logo\\\/image\\\/\",\"url\":\"https:\\\/\\\/www.rrtglobal.org\\\/wp-content\\\/uploads\\\/2020\\\/07\\\/5134-RRT-Logo-Full-Color-1.png\",\"contentUrl\":\"https:\\\/\\\/www.rrtglobal.org\\\/wp-content\\\/uploads\\\/2020\\\/07\\\/5134-RRT-Logo-Full-Color-1.png\",\"width\":690,\"height\":256,\"caption\":\"Rapid Relief Team\"},\"image\":{\"@id\":\"https:\\\/\\\/rrtglobal.org\\\/#\\\/schema\\\/logo\\\/image\\\/\"}}]}<\/script>\n<!-- \/ Yoast SEO plugin. -->","yoast_head_json":{"title":"Nos b\u00e9n\u00e9ficiaires - Rapid Relief Team","description":"Le soutien de RRT couvre quatre domaines cl\u00e9s de soutien; secours d'urgence et en cas de catastrophe, sans-abri, jeunesse, sant\u00e9 et handicap.","robots":{"index":"index","follow":"follow","max-snippet":"max-snippet:-1","max-image-preview":"max-image-preview:large","max-video-preview":"max-video-preview:-1"},"canonical":"https:\/\/www.rrtglobal.org\/fr\/qui-sommes-nous\/nos-beneficiaires\/","og_locale":"fr_FR","og_type":"article","og_title":"Nos b\u00e9n\u00e9ficiaires - Rapid Relief Team","og_description":"Le soutien de RRT couvre quatre domaines cl\u00e9s de soutien; secours d'urgence et en cas de catastrophe, sans-abri, jeunesse, sant\u00e9 et handicap.","og_url":"https:\/\/www.rrtglobal.org\/fr\/qui-sommes-nous\/nos-beneficiaires\/","og_site_name":"Rapid Relief Team","article_modified_time":"2020-10-13T18:07:18+00:00","og_image":[{"width":2048,"height":1536,"url":"https:\/\/rrtglobal.org\/wp-content\/uploads\/2020\/04\/news-article.jpg","type":"image\/jpeg"}],"twitter_card":"summary_large_image","schema":{"@context":"https:\/\/schema.org","@graph":[{"@type":"WebPage","@id":"https:\/\/www.rrtglobal.org\/fr\/qui-sommes-nous\/nos-beneficiaires\/","url":"https:\/\/www.rrtglobal.org\/fr\/qui-sommes-nous\/nos-beneficiaires\/","name":"Nos b\u00e9n\u00e9ficiaires - Rapid Relief Team","isPartOf":{"@id":"https:\/\/rrtglobal.org\/#website"},"primaryImageOfPage":{"@id":"https:\/\/www.rrtglobal.org\/fr\/qui-sommes-nous\/nos-beneficiaires\/#primaryimage"},"image":{"@id":"https:\/\/www.rrtglobal.org\/fr\/qui-sommes-nous\/nos-beneficiaires\/#primaryimage"},"thumbnailUrl":"https:\/\/www.rrtglobal.org\/wp-content\/uploads\/2020\/04\/news-article.jpg","datePublished":"2020-06-29T02:30:52+00:00","dateModified":"2020-10-13T18:07:18+00:00","description":"Le soutien de RRT couvre quatre domaines cl\u00e9s de soutien; secours d'urgence et en cas de catastrophe, sans-abri, jeunesse, sant\u00e9 et handicap.","breadcrumb":{"@id":"https:\/\/www.rrtglobal.org\/fr\/qui-sommes-nous\/nos-beneficiaires\/#breadcrumb"},"inLanguage":"fr-FR","potentialAction":[{"@type":"ReadAction","target":["https:\/\/www.rrtglobal.org\/fr\/qui-sommes-nous\/nos-beneficiaires\/"]}]},{"@type":"ImageObject","inLanguage":"fr-FR","@id":"https:\/\/www.rrtglobal.org\/fr\/qui-sommes-nous\/nos-beneficiaires\/#primaryimage","url":"https:\/\/www.rrtglobal.org\/wp-content\/uploads\/2020\/04\/news-article.jpg","contentUrl":"https:\/\/www.rrtglobal.org\/wp-content\/uploads\/2020\/04\/news-article.jpg","width":2048,"height":1536,"caption":"Une l\u00e9gende pour cette image"},{"@type":"BreadcrumbList","@id":"https:\/\/www.rrtglobal.org\/fr\/qui-sommes-nous\/nos-beneficiaires\/#breadcrumb","itemListElement":[{"@type":"ListItem","position":1,"name":"Accueil","item":"https:\/\/www.rrtglobal.org\/fr\/"},{"@type":"ListItem","position":2,"name":"Qui sommes-nous ?","item":"https:\/\/rrtglobal.org\/fr\/qui-sommes-nous\/"},{"@type":"ListItem","position":3,"name":"Nos b\u00e9n\u00e9ficiaires"}]},{"@type":"WebSite","@id":"https:\/\/rrtglobal.org\/#website","url":"https:\/\/rrtglobal.org\/","name":"Rapid Relief Team","description":"","publisher":{"@id":"https:\/\/rrtglobal.org\/#organization"},"potentialAction":[{"@type":"SearchAction","target":{"@type":"EntryPoint","urlTemplate":"https:\/\/rrtglobal.org\/?s={search_term_string}"},"query-input":{"@type":"PropertyValueSpecification","valueRequired":true,"valueName":"search_term_string"}}],"inLanguage":"fr-FR"},{"@type":"Organization","@id":"https:\/\/rrtglobal.org\/#organization","name":"Rapid Relief Team","url":"https:\/\/rrtglobal.org\/","logo":{"@type":"ImageObject","inLanguage":"fr-FR","@id":"https:\/\/rrtglobal.org\/#\/schema\/logo\/image\/","url":"https:\/\/www.rrtglobal.org\/wp-content\/uploads\/2020\/07\/5134-RRT-Logo-Full-Color-1.png","contentUrl":"https:\/\/www.rrtglobal.org\/wp-content\/uploads\/2020\/07\/5134-RRT-Logo-Full-Color-1.png","width":690,"height":256,"caption":"Rapid Relief Team"},"image":{"@id":"https:\/\/rrtglobal.org\/#\/schema\/logo\/image\/"}}]}},"_links":{"self":[{"href":"https:\/\/www.rrtglobal.org\/fr\/wp-json\/wp\/v2\/pages\/61929","targetHints":{"allow":["GET"]}}],"collection":[{"href":"https:\/\/www.rrtglobal.org\/fr\/wp-json\/wp\/v2\/pages"}],"about":[{"href":"https:\/\/www.rrtglobal.org\/fr\/wp-json\/wp\/v2\/types\/page"}],"author":[{"embeddable":true,"href":"https:\/\/www.rrtglobal.org\/fr\/wp-json\/wp\/v2\/users\/4"}],"replies":[{"embeddable":true,"href":"https:\/\/www.rrtglobal.org\/fr\/wp-json\/wp\/v2\/comments?post=61929"}],"version-history":[{"count":4,"href":"https:\/\/www.rrtglobal.org\/fr\/wp-json\/wp\/v2\/pages\/61929\/revisions"}],"predecessor-version":[{"id":113091,"href":"https:\/\/www.rrtglobal.org\/fr\/wp-json\/wp\/v2\/pages\/61929\/revisions\/113091"}],"up":[{"embeddable":true,"href":"https:\/\/www.rrtglobal.org\/fr\/wp-json\/wp\/v2\/pages\/61927"}],"wp:featuredmedia":[{"embeddable":true,"href":"https:\/\/www.rrtglobal.org\/fr\/wp-json\/wp\/v2\/media\/782"}],"wp:attachment":[{"href":"https:\/\/www.rrtglobal.org\/fr\/wp-json\/wp\/v2\/media?parent=61929"}],"curies":[{"name":"wp","href":"https:\/\/api.w.org\/{rel}","templated":true}]}}